{"id":1013,"date":"2021-07-10T19:05:52","date_gmt":"2021-07-10T19:05:52","guid":{"rendered":"https:\/\/canalexandre.com\/cookies\/"},"modified":"2021-07-10T19:05:52","modified_gmt":"2021-07-10T19:05:52","slug":"cookies","status":"publish","type":"page","link":"https:\/\/canalexandre.com\/de\/cookies\/","title":{"rendered":"Cookies"},"content":{"rendered":"<p><strong>COOKIES<\/strong><\/p>\n<p>\ufeffDer Zugriff auf die Website kann die Verwendung von Cookies mit sich bringen, wenngleich die Website auch ohne Cookies funktioniert. Cookies sind kleine Dateien, die auf dem Browser jedes Nutzers gespeichert werden, um es dem Server zu erm\u00f6glichen, gewisse Informationen, die nur vom Server erkannte werden, zu lesen. Cookies sind nur f\u00fcr einen begrenzten Zeitraum g\u00fcltig. Kein Cookie kann Telefonnummern, E-Mail-Adressen oder andere Kenndaten preisgeben.<\/p>\n<p>Cookies k\u00f6nnen auch keine Informationen aus der Festplatte des Benutzers entnehmen oder personenbezogene Daten in Erfahrung bringen. Cookies k\u00f6nnen nur dann, wenn der Benutzer selbst diese Daten dem Server \u00fcbermittelt, Daten zu seiner Person enthalten.Obwohl Cookies uns dabei helfen, Ihren Buchungsablauf zu optimieren, k\u00f6nnen die Nutzer, die keine Cookies zulassen m\u00f6chten bzw. nicht m\u00f6chten, dass ihr Besuch gemeldet wird, der Konfiguration ihres Browser entsprechend einstellen. Alle Internetbrowser bieten in ihren Einstellungen die M\u00f6glichkeit, Cookies bestimmter Webseiten zu sperren oder zuzulassen.<\/p>\n<p>Unsere Webseite und E-Mails mit HTML-Format k\u00f6nnen Marker und\/oder Cookies verwenden, um Statistiken \u00fcber die Verwendung unserer Webseite zu erstellen. Ein Webmarker ist ein in der Mitteilung enthaltenes Bild, das uns dar\u00fcber informiert, ob diese Mitteilung angesehen wurde, zu dem ausschlie\u00dflichen Zweck, entsprechende Nutzungsstatistiken zu erstellen.<\/p>\n<p>F\u00fcr weitere Informationen \u00fcber das Ablehnen von Cookies im Webbrowser Chrome klicken Sie hier<\/p>\n<p>F\u00fcr weitere Informationen \u00fcber das Ablehnen von Cookies im Webbrowser Explorer klicken Sie hier<\/p>\n<p>F\u00fcr weitere Informationen \u00fcber das Ablehnen von Cookies im Webbrowser Firefox klicken Sie hier<\/p>\n<p>F\u00fcr weitere Informationen \u00fcber das Ablehnen von Cookies im Webbrowser Safari klicken Sie hier<\/p>\n<p>Unsere Cookies<br \/>\nKategorie \/ Art\tName des Cookies\tZweck<br \/>\nFunktion der Website\tDispoParams\tSpeichert die notwendigen Daten f\u00fcr die Verf\u00fcgbarkeitssuche.<br \/>\nFunktion der Website\tno_mostrar_banernew\tVermeidet, dass das Informationsbanner wieder eingeblendet wird.<br \/>\nSicherheit\tcrsftoken\tVermeidet, dass Dritte ohne unser Wissen Aktionen auf den Webseiten durchf\u00fchren, auf denen wir eine Sitzung begonnen haben.<br \/>\nCookies von Dritten<br \/>\nKategorie \/ Art\tDritter\tZweck \/ Zusatzinformation<br \/>\nAnalyse der Website\tGoogle\tWerden zur Verfolgung des Surfverhaltens der Benutzer auf der Webseite verwendet. Dadurch erhalten wir einen Eindruck davon, wie die Webseite benutzt wird, erkennen evtl. Probleme und daf\u00fcr sorgen, dass die Benutzerfreundlichkeit verbessert wird.<br \/>\nVerwalten von Favoriten und Links\tAddThis, Facebook, Google+, Twitter\tDamit k\u00f6nnen Links zu den bekanntesten sozialen Netzwerken und Webseiten geteilt werden.<br \/>\nF\u00fcr Marketing bestimmte Cookies von Dritten<br \/>\nKategorie\tDritter\tZweck \/ Zusatzinformation<br \/>\nMarketing &#8211; Retargeting.\tZanox, Ve Interactive, TripAdvisor\tBearbeitung von Werbung mit den besten Angeboten je nach den Orten, an denen der Benutzer zuvor gesucht hat.<br \/>\nMarketing &#8211; Retargeting.\tAffilinet, Google Adwords. Sociomantic, TripAdvisor\t\u00dcberwachung der Wirksamkeit der Werbekampagnen, um nur relevante Mitteilungen einzublenden.<\/p>\n","protected":false},"excerpt":{"rendered":"<p>COOKIES \ufeffDer Zugriff auf die Website kann die Verwendung von Cookies mit sich bringen, wenngleich die Website auch ohne Cookies funktioniert. Cookies sind kleine Dateien, die auf dem Browser jedes Nutzers gespeichert werden, um es dem Server zu erm\u00f6glichen, gewisse Informationen, die nur vom Server erkannte werden, zu lesen. Cookies sind nur f\u00fcr einen begrenzten [&hellip;]<\/p>\n","protected":false},"author":1,"featured_media":0,"parent":0,"menu_order":0,"comment_status":"closed","ping_status":"closed","template":"","meta":{"_et_pb_use_builder":"","_et_pb_old_content":"","_et_gb_content_width":""},"yoast_head":"<!-- This site is optimized with the Yoast SEO plugin v19.2 - https:\/\/yoast.com\/wordpress\/plugins\/seo\/ -->\n<title>Cookies | Ca n&#039;Alexandre<\/title>\n<meta name=\"robots\" content=\"index, follow, max-snippet:-1, max-image-preview:large, max-video-preview:-1\" \/>\n<link rel=\"canonical\" href=\"https:\/\/canalexandre.com\/de\/cookies\/\" \/>\n<meta property=\"og:locale\" content=\"de_DE\" \/>\n<meta property=\"og:type\" content=\"article\" \/>\n<meta property=\"og:title\" content=\"Cookies | Ca n&#039;Alexandre\" \/>\n<meta property=\"og:description\" content=\"COOKIES \ufeffDer Zugriff auf die Website kann die Verwendung von Cookies mit sich bringen, wenngleich die Website auch ohne Cookies funktioniert. Cookies sind kleine Dateien, die auf dem Browser jedes Nutzers gespeichert werden, um es dem Server zu erm\u00f6glichen, gewisse Informationen, die nur vom Server erkannte werden, zu lesen. Cookies sind nur f\u00fcr einen begrenzten [&hellip;]\" \/>\n<meta property=\"og:url\" content=\"https:\/\/canalexandre.com\/de\/cookies\/\" \/>\n<meta property=\"og:site_name\" content=\"Ca n&#039;Alexandre\" \/>\n<meta property=\"article:publisher\" content=\"https:\/\/www.facebook.com\/Ca-nAlexandre-Turismo-de-interior-2118030998273955\/\" \/>\n<meta name=\"author\" content=\"Admin2\" \/>\n<meta name=\"twitter:card\" content=\"summary_large_image\" \/>\n<meta name=\"twitter:label1\" content=\"Gesch\u00e4tzte Lesezeit\" \/>\n\t<meta name=\"twitter:data1\" content=\"2\u00a0Minuten\" \/>\n<script type=\"application\/ld+json\" class=\"yoast-schema-graph\">{\"@context\":\"https:\/\/schema.org\",\"@graph\":[{\"@type\":\"Organization\",\"@id\":\"https:\/\/canalexandre.com\/de\/#organization\",\"name\":\"Ca n'Alexandre\",\"url\":\"https:\/\/canalexandre.com\/de\/\",\"sameAs\":[\"https:\/\/www.instagram.com\/canalexandrepalma\/\",\"https:\/\/www.facebook.com\/Ca-nAlexandre-Turismo-de-interior-2118030998273955\/\"],\"logo\":{\"@type\":\"ImageObject\",\"inLanguage\":\"de\",\"@id\":\"https:\/\/canalexandre.com\/de\/#\/schema\/logo\/image\/\",\"url\":\"https:\/\/canalexandre.com\/wp-content\/uploads\/2020\/09\/logo-canalexandre-palma-de-mallorca.png\",\"contentUrl\":\"https:\/\/canalexandre.com\/wp-content\/uploads\/2020\/09\/logo-canalexandre-palma-de-mallorca.png\",\"width\":500,\"height\":250,\"caption\":\"Ca n'Alexandre\"},\"image\":{\"@id\":\"https:\/\/canalexandre.com\/de\/#\/schema\/logo\/image\/\"}},{\"@type\":\"WebSite\",\"@id\":\"https:\/\/canalexandre.com\/de\/#website\",\"url\":\"https:\/\/canalexandre.com\/de\/\",\"name\":\"Ca n&#039;Alexandre\",\"description\":\"Web Oficial Ca n&#039;Alexandre en Palma de Mallorca\",\"publisher\":{\"@id\":\"https:\/\/canalexandre.com\/de\/#organization\"},\"potentialAction\":[{\"@type\":\"SearchAction\",\"target\":{\"@type\":\"EntryPoint\",\"urlTemplate\":\"https:\/\/canalexandre.com\/de\/?s={search_term_string}\"},\"query-input\":\"required name=search_term_string\"}],\"inLanguage\":\"de\"},{\"@type\":\"WebPage\",\"@id\":\"https:\/\/canalexandre.com\/de\/cookies\/#webpage\",\"url\":\"https:\/\/canalexandre.com\/de\/cookies\/\",\"name\":\"Cookies | Ca n&#039;Alexandre\",\"isPartOf\":{\"@id\":\"https:\/\/canalexandre.com\/de\/#website\"},\"datePublished\":\"2021-07-10T19:05:52+00:00\",\"dateModified\":\"2021-07-10T19:05:52+00:00\",\"breadcrumb\":{\"@id\":\"https:\/\/canalexandre.com\/de\/cookies\/#breadcrumb\"},\"inLanguage\":\"de\",\"potentialAction\":[{\"@type\":\"ReadAction\",\"target\":[\"https:\/\/canalexandre.com\/de\/cookies\/\"]}]},{\"@type\":\"BreadcrumbList\",\"@id\":\"https:\/\/canalexandre.com\/de\/cookies\/#breadcrumb\",\"itemListElement\":[{\"@type\":\"ListItem\",\"position\":1,\"name\":\"Portada\",\"item\":\"https:\/\/canalexandre.com\/de\/\"},{\"@type\":\"ListItem\",\"position\":2,\"name\":\"Cookies\"}]}]}<\/script>\n<!-- \/ Yoast SEO plugin. -->","yoast_head_json":{"title":"Cookies | Ca n&#039;Alexandre","robots":{"index":"index","follow":"follow","max-snippet":"max-snippet:-1","max-image-preview":"max-image-preview:large","max-video-preview":"max-video-preview:-1"},"canonical":"https:\/\/canalexandre.com\/de\/cookies\/","og_locale":"de_DE","og_type":"article","og_title":"Cookies | Ca n&#039;Alexandre","og_description":"COOKIES \ufeffDer Zugriff auf die Website kann die Verwendung von Cookies mit sich bringen, wenngleich die Website auch ohne Cookies funktioniert. Cookies sind kleine Dateien, die auf dem Browser jedes Nutzers gespeichert werden, um es dem Server zu erm\u00f6glichen, gewisse Informationen, die nur vom Server erkannte werden, zu lesen. Cookies sind nur f\u00fcr einen begrenzten [&hellip;]","og_url":"https:\/\/canalexandre.com\/de\/cookies\/","og_site_name":"Ca n&#039;Alexandre","article_publisher":"https:\/\/www.facebook.com\/Ca-nAlexandre-Turismo-de-interior-2118030998273955\/","author":"Admin2","twitter_card":"summary_large_image","twitter_misc":{"Gesch\u00e4tzte Lesezeit":"2\u00a0Minuten"},"schema":{"@context":"https:\/\/schema.org","@graph":[{"@type":"Organization","@id":"https:\/\/canalexandre.com\/de\/#organization","name":"Ca n'Alexandre","url":"https:\/\/canalexandre.com\/de\/","sameAs":["https:\/\/www.instagram.com\/canalexandrepalma\/","https:\/\/www.facebook.com\/Ca-nAlexandre-Turismo-de-interior-2118030998273955\/"],"logo":{"@type":"ImageObject","inLanguage":"de","@id":"https:\/\/canalexandre.com\/de\/#\/schema\/logo\/image\/","url":"https:\/\/canalexandre.com\/wp-content\/uploads\/2020\/09\/logo-canalexandre-palma-de-mallorca.png","contentUrl":"https:\/\/canalexandre.com\/wp-content\/uploads\/2020\/09\/logo-canalexandre-palma-de-mallorca.png","width":500,"height":250,"caption":"Ca n'Alexandre"},"image":{"@id":"https:\/\/canalexandre.com\/de\/#\/schema\/logo\/image\/"}},{"@type":"WebSite","@id":"https:\/\/canalexandre.com\/de\/#website","url":"https:\/\/canalexandre.com\/de\/","name":"Ca n&#039;Alexandre","description":"Web Oficial Ca n&#039;Alexandre en Palma de Mallorca","publisher":{"@id":"https:\/\/canalexandre.com\/de\/#organization"},"potentialAction":[{"@type":"SearchAction","target":{"@type":"EntryPoint","urlTemplate":"https:\/\/canalexandre.com\/de\/?s={search_term_string}"},"query-input":"required name=search_term_string"}],"inLanguage":"de"},{"@type":"WebPage","@id":"https:\/\/canalexandre.com\/de\/cookies\/#webpage","url":"https:\/\/canalexandre.com\/de\/cookies\/","name":"Cookies | Ca n&#039;Alexandre","isPartOf":{"@id":"https:\/\/canalexandre.com\/de\/#website"},"datePublished":"2021-07-10T19:05:52+00:00","dateModified":"2021-07-10T19:05:52+00:00","breadcrumb":{"@id":"https:\/\/canalexandre.com\/de\/cookies\/#breadcrumb"},"inLanguage":"de","potentialAction":[{"@type":"ReadAction","target":["https:\/\/canalexandre.com\/de\/cookies\/"]}]},{"@type":"BreadcrumbList","@id":"https:\/\/canalexandre.com\/de\/cookies\/#breadcrumb","itemListElement":[{"@type":"ListItem","position":1,"name":"Portada","item":"https:\/\/canalexandre.com\/de\/"},{"@type":"ListItem","position":2,"name":"Cookies"}]}]}},"_links":{"self":[{"href":"https:\/\/canalexandre.com\/de\/wp-json\/wp\/v2\/pages\/1013"}],"collection":[{"href":"https:\/\/canalexandre.com\/de\/wp-json\/wp\/v2\/pages"}],"about":[{"href":"https:\/\/canalexandre.com\/de\/wp-json\/wp\/v2\/types\/page"}],"author":[{"embeddable":true,"href":"https:\/\/canalexandre.com\/de\/wp-json\/wp\/v2\/users\/1"}],"replies":[{"embeddable":true,"href":"https:\/\/canalexandre.com\/de\/wp-json\/wp\/v2\/comments?post=1013"}],"version-history":[{"count":0,"href":"https:\/\/canalexandre.com\/de\/wp-json\/wp\/v2\/pages\/1013\/revisions"}],"wp:attachment":[{"href":"https:\/\/canalexandre.com\/de\/wp-json\/wp\/v2\/media?parent=1013"}],"curies":[{"name":"wp","href":"https:\/\/api.w.org\/{rel}","templated":true}]}}